{"id":1938,"date":"2023-10-24T03:14:29","date_gmt":"2023-10-24T03:14:29","guid":{"rendered":"https:\/\/www.365-rentals.com\/?page_id=1938"},"modified":"2023-10-25T02:20:40","modified_gmt":"2023-10-25T02:20:40","slug":"inversion","status":"publish","type":"page","link":"https:\/\/www.365-rentals.com\/es\/inversion\/","title":{"rendered":"Inversi\u00f3n"},"content":{"rendered":"\t\t<div data-elementor-type=\"wp-page\" data-elementor-id=\"1938\" class=\"elementor elementor-1938\" data-elementor-post-type=\"page\">\n\t\t\t\t\t\t\t<section class=\"elementor-element elementor-element-9b2ed63 e-flex e-con-boxed e-con e-parent\" data-id=\"9b2ed63\" data-element_type=\"container\" data-settings=\"{&quot;background_background&quot;:&quot;classic&quot;,&quot;container_type&quot;:&quot;flex&quot;,&quot;content_width&quot;:&quot;boxed&quot;}\" data-e-bg-lazyload=\"\" data-core-v316-plus=\"true\">\n\t\t\t\t\t<div class=\"e-con-inner\">\n\t\t\t\t<div class=\"elementor-element elementor-element-da4a889 elementor-widget elementor-widget-heading\" data-id=\"da4a889\" data-element_type=\"widget\" data-widget_type=\"heading.default\">\n\t\t\t\t<div class=\"elementor-widget-container\">\n\t\t\t<style>\/*! elementor - v3.18.0 - 08-12-2023 *\/\n.elementor-heading-title{padding:0;margin:0;line-height:1}.elementor-widget-heading .elementor-heading-title[class*=elementor-size-]>a{color:inherit;font-size:inherit;line-height:inherit}.elementor-widget-heading .elementor-heading-title.elementor-size-small{font-size:15px}.elementor-widget-heading .elementor-heading-title.elementor-size-medium{font-size:19px}.elementor-widget-heading .elementor-heading-title.elementor-size-large{font-size:29px}.elementor-widget-heading .elementor-heading-title.elementor-size-xl{font-size:39px}.elementor-widget-heading .elementor-heading-title.elementor-size-xxl{font-size:59px}<\/style><h1 class=\"elementor-heading-title elementor-size-default\">Inversi\u00f3n<\/h1>\t\t<\/div>\n\t\t\t\t<\/div>\n\t\t\t\t\t<\/div>\n\t\t\t\t<\/section>\n\t\t<div class=\"elementor-element elementor-element-a428fd9 e-flex e-con-boxed e-con e-parent\" data-id=\"a428fd9\" data-element_type=\"container\" data-settings=\"{&quot;container_type&quot;:&quot;flex&quot;,&quot;content_width&quot;:&quot;boxed&quot;}\" data-core-v316-plus=\"true\">\n\t\t\t\t\t<div class=\"e-con-inner\">\n\t\t<div class=\"elementor-element elementor-element-2d7ada7 e-flex e-con-boxed e-con e-child\" data-id=\"2d7ada7\" data-element_type=\"container\" data-settings=\"{&quot;background_background&quot;:&quot;classic&quot;,&quot;container_type&quot;:&quot;flex&quot;,&quot;content_width&quot;:&quot;boxed&quot;}\">\n\t\t\t\t\t<div class=\"e-con-inner\">\n\t\t\t\t<div class=\"elementor-element elementor-element-156768a elementor-widget__width-initial elementor-widget elementor-widget-heading\" data-id=\"156768a\" data-element_type=\"widget\" data-widget_type=\"heading.default\">\n\t\t\t\t<div class=\"elementor-widget-container\">\n\t\t\t<h2 class=\"elementor-heading-title elementor-size-default\">KOSTA95 Real Estate<\/h2>\t\t<\/div>\n\t\t\t\t<\/div>\n\t\t\t\t<div class=\"elementor-element elementor-element-fd132d2 elementor-widget__width-auto elementor-absolute elementor-widget elementor-widget-image\" data-id=\"fd132d2\" data-element_type=\"widget\" data-settings=\"{&quot;_position&quot;:&quot;absolute&quot;}\" data-widget_type=\"image.default\">\n\t\t\t\t<div class=\"elementor-widget-container\">\n\t\t\t<style>\/*! elementor - v3.18.0 - 08-12-2023 *\/\n.elementor-widget-image{text-align:center}.elementor-widget-image a{display:inline-block}.elementor-widget-image a img[src$=\".svg\"]{width:48px}.elementor-widget-image img{vertical-align:middle;display:inline-block}<\/style>\t\t\t\t\t\t\t\t\t\t\t\t<img fetchpriority=\"high\" decoding=\"async\" width=\"800\" height=\"800\" src=\"https:\/\/www.365-rentals.com\/wp-content\/uploads\/Logo-Kosta95-sin-fondo-09-1024x1024.png\" class=\"attachment-large size-large wp-image-2333\" alt=\"\" srcset=\"https:\/\/www.365-rentals.com\/wp-content\/uploads\/Logo-Kosta95-sin-fondo-09-1024x1024.png 1024w, https:\/\/www.365-rentals.com\/wp-content\/uploads\/Logo-Kosta95-sin-fondo-09-300x300.png 300w, https:\/\/www.365-rentals.com\/wp-content\/uploads\/Logo-Kosta95-sin-fondo-09-150x150.png 150w, https:\/\/www.365-rentals.com\/wp-content\/uploads\/Logo-Kosta95-sin-fondo-09-768x768.png 768w, https:\/\/www.365-rentals.com\/wp-content\/uploads\/Logo-Kosta95-sin-fondo-09-1536x1536.png 1536w, https:\/\/www.365-rentals.com\/wp-content\/uploads\/Logo-Kosta95-sin-fondo-09-2048x2048.png 2048w\" sizes=\"(max-width: 800px) 100vw, 800px\" \/>\t\t\t\t\t\t\t\t\t\t\t\t\t\t\t<\/div>\n\t\t\t\t<\/div>\n\t\t\t\t<div class=\"elementor-element elementor-element-dfe799e img-aspect-ratio-4-2_5 elementor-widget elementor-widget-image\" data-id=\"dfe799e\" data-element_type=\"widget\" data-widget_type=\"image.default\">\n\t\t\t\t<div class=\"elementor-widget-container\">\n\t\t\t\t\t\t\t\t\t\t\t\t\t\t\t<img decoding=\"async\" width=\"800\" height=\"428\" src=\"https:\/\/www.365-rentals.com\/wp-content\/uploads\/1-1024x548.jpg\" class=\"attachment-large size-large wp-image-2324\" alt=\"\" srcset=\"https:\/\/www.365-rentals.com\/wp-content\/uploads\/1-1024x548.jpg 1024w, https:\/\/www.365-rentals.com\/wp-content\/uploads\/1-300x160.jpg 300w, https:\/\/www.365-rentals.com\/wp-content\/uploads\/1-768x411.jpg 768w, https:\/\/www.365-rentals.com\/wp-content\/uploads\/1.jpg 1455w\" sizes=\"(max-width: 800px) 100vw, 800px\" \/>\t\t\t\t\t\t\t\t\t\t\t\t\t\t\t<\/div>\n\t\t\t\t<\/div>\n\t\t\t\t<div class=\"elementor-element elementor-element-e46586d p-mb-0 elementor-widget elementor-widget-text-editor\" data-id=\"e46586d\" data-element_type=\"widget\" data-widget_type=\"text-editor.default\">\n\t\t\t\t<div class=\"elementor-widget-container\">\n\t\t\t<style>\/*! elementor - v3.18.0 - 08-12-2023 *\/\n.elementor-widget-text-editor.elementor-drop-cap-view-stacked .elementor-drop-cap{background-color:#69727d;color:#fff}.elementor-widget-text-editor.elementor-drop-cap-view-framed .elementor-drop-cap{color:#69727d;border:3px solid;background-color:transparent}.elementor-widget-text-editor:not(.elementor-drop-cap-view-default) .elementor-drop-cap{margin-top:8px}.elementor-widget-text-editor:not(.elementor-drop-cap-view-default) .elementor-drop-cap-letter{width:1em;height:1em}.elementor-widget-text-editor .elementor-drop-cap{float:left;text-align:center;line-height:1;font-size:50px}.elementor-widget-text-editor .elementor-drop-cap-letter{display:inline-block}<\/style>\t\t\t\t<p>KOSTA95 Real Estate es una empresa asociada de manera exclusiva a 365 Rentals, colaborando estrechamente para ofrecer el mejor servicio en el sector inmobiliario. Este equipo profesional, compuesto por individuos j\u00f3venes y din\u00e1micos, comparte un objetivo com\u00fan: satisfacer las demandas y necesidades de sus clientes.<\/p>\n<p>Si est\u00e1s en busca de un agente inmobiliario confiable y con experiencia para comprar o vender una propiedad, no necesitas buscar m\u00e1s all\u00e1 de nuestros comerciales inmobiliarios altamente capacitados. Su vasta experiencia en el mercado y extensa red de contactos les permite comprometerse a ayudarte a encontrar la propiedad de tus sue\u00f1os o vender tu propiedad al mejor precio posible.<\/p>\n<p>La especializaci\u00f3n de KOSTA95 Real Estate en bienes ra\u00edces, respaldada por una amplia red de contactos, les permite mantenerse al tanto de las \u00faltimas novedades del mercado inmobiliario. Esto garantiza que est\u00e9s informado y puedas tomar decisiones seguras e informadas en tus transacciones inmobiliarias. Adem\u00e1s, la empresa se distingue por ofrecer un servicio personalizado y adaptado a las necesidades individuales de cada cliente, asegurando que la experiencia sea siempre satisfactoria.<\/p>\n<p>Ya sea que est\u00e9s en busca de una propiedad residencial o comercial, un apartamento o una casa en la ciudad o en el campo, los comerciales inmobiliarios de KOSTA95 Real Estate est\u00e1n completamente dedicados a hacerte la vida m\u00e1s f\u00e1cil y ayudarte en cada paso del camino. No dudes en ponerte en contacto hoy mismo para obtener m\u00e1s informaci\u00f3n y comenzar a trabajar en conjunto.<\/p>\t\t\t\t\t\t<\/div>\n\t\t\t\t<\/div>\n\t\t\t\t<div class=\"elementor-element elementor-element-eddfdbc elementor-widget elementor-widget-button\" data-id=\"eddfdbc\" data-element_type=\"widget\" data-widget_type=\"button.default\">\n\t\t\t\t<div class=\"elementor-widget-container\">\n\t\t\t\t\t<div class=\"elementor-button-wrapper\">\n\t\t\t<a class=\"elementor-button elementor-button-link elementor-size-sm\" href=\"https:\/\/www.kosta95.com\" target=\"_blank\">\n\t\t\t\t\t\t<span class=\"elementor-button-content-wrapper\">\n\t\t\t\t\t\t<span class=\"elementor-button-text\">Ver m\u00e1s de Kosta95<\/span>\n\t\t<\/span>\n\t\t\t\t\t<\/a>\n\t\t<\/div>\n\t\t\t\t<\/div>\n\t\t\t\t<\/div>\n\t\t\t\t\t<\/div>\n\t\t\t\t<\/div>\n\t\t\t\t\t<\/div>\n\t\t\t\t<\/div>\n\t\t\t\t\t\t\t<\/div>\n\t\t","protected":false},"excerpt":{"rendered":"<p>KOSTA95 Real Estate KOSTA95 Real Estate es una empresa asociada de manera exclusiva a 365 Rentals, colaborando estrechamente para ofrecer el mejor servicio en el sector inmobiliario. Este equipo profesional, compuesto por individuos j\u00f3venes y din\u00e1micos, comparte un objetivo com\u00fan: satisfacer las demandas y necesidades de sus clientes. Si est\u00e1s en busca de un agente [&hellip;]<\/p>\n","protected":false},"author":2,"featured_media":2320,"parent":0,"menu_order":0,"comment_status":"closed","ping_status":"closed","template":"","meta":{"footnotes":""},"yoast_head":"<!-- This site is optimized with the Yoast SEO plugin v21.7 - https:\/\/yoast.com\/wordpress\/plugins\/seo\/ -->\n<title>Inversi\u00f3n &#8902; 365 Rentals Properties<\/title>\n<meta name=\"robots\" content=\"index, follow, max-snippet:-1, max-image-preview:large, max-video-preview:-1\" \/>\n<link rel=\"canonical\" href=\"https:\/\/www.365-rentals.com\/es\/inversion\/\" \/>\n<meta property=\"og:locale\" content=\"es_ES\" \/>\n<meta property=\"og:type\" content=\"article\" \/>\n<meta property=\"og:title\" content=\"Inversi\u00f3n &#8902; 365 Rentals Properties\" \/>\n<meta property=\"og:description\" content=\"KOSTA95 Real Estate KOSTA95 Real Estate es una empresa asociada de manera exclusiva a 365 Rentals, colaborando estrechamente para ofrecer el mejor servicio en el sector inmobiliario. Este equipo profesional, compuesto por individuos j\u00f3venes y din\u00e1micos, comparte un objetivo com\u00fan: satisfacer las demandas y necesidades de sus clientes. Si est\u00e1s en busca de un agente [&hellip;]\" \/>\n<meta property=\"og:url\" content=\"https:\/\/www.365-rentals.com\/es\/inversion\/\" \/>\n<meta property=\"og:site_name\" content=\"365 Rentals Properties\" \/>\n<meta property=\"article:publisher\" content=\"https:\/\/www.facebook.com\/365rentals.properties\" \/>\n<meta property=\"article:modified_time\" content=\"2023-10-25T02:20:40+00:00\" \/>\n<meta property=\"og:image\" content=\"https:\/\/www.365-rentals.com\/wp-content\/uploads\/INSIDE.jpg\" \/>\n\t<meta property=\"og:image:width\" content=\"1280\" \/>\n\t<meta property=\"og:image:height\" content=\"720\" \/>\n\t<meta property=\"og:image:type\" content=\"image\/jpeg\" \/>\n<meta name=\"twitter:card\" content=\"summary_large_image\" \/>\n<meta name=\"twitter:label1\" content=\"Tiempo de lectura\" \/>\n\t<meta name=\"twitter:data1\" content=\"1 minuto\" \/>\n<script type=\"application\/ld+json\" class=\"yoast-schema-graph\">{\"@context\":\"https:\/\/schema.org\",\"@graph\":[{\"@type\":\"WebPage\",\"@id\":\"https:\/\/www.365-rentals.com\/inversion\/\",\"url\":\"https:\/\/www.365-rentals.com\/inversion\/\",\"name\":\"Inversi\u00f3n &#8902; 365 Rentals Properties\",\"isPartOf\":{\"@id\":\"https:\/\/www.365-rentals.com\/#website\"},\"datePublished\":\"2023-10-24T03:14:29+00:00\",\"dateModified\":\"2023-10-25T02:20:40+00:00\",\"breadcrumb\":{\"@id\":\"https:\/\/www.365-rentals.com\/inversion\/#breadcrumb\"},\"inLanguage\":\"es\",\"potentialAction\":[{\"@type\":\"ReadAction\",\"target\":[\"https:\/\/www.365-rentals.com\/inversion\/\"]}]},{\"@type\":\"BreadcrumbList\",\"@id\":\"https:\/\/www.365-rentals.com\/inversion\/#breadcrumb\",\"itemListElement\":[{\"@type\":\"ListItem\",\"position\":1,\"name\":\"Portada\",\"item\":\"https:\/\/www.365-rentals.com\/es\/\"},{\"@type\":\"ListItem\",\"position\":2,\"name\":\"Inversi\u00f3n\"}]},{\"@type\":\"WebSite\",\"@id\":\"https:\/\/www.365-rentals.com\/#website\",\"url\":\"https:\/\/www.365-rentals.com\/\",\"name\":\"365 Rentals Properties\",\"description\":\"Experiencias \u00fanicas en el mejor clima de Europa\",\"publisher\":{\"@id\":\"https:\/\/www.365-rentals.com\/#organization\"},\"alternateName\":\"365 Rentals Properties\",\"potentialAction\":[{\"@type\":\"SearchAction\",\"target\":{\"@type\":\"EntryPoint\",\"urlTemplate\":\"https:\/\/www.365-rentals.com\/?s={search_term_string}\"},\"query-input\":\"required name=search_term_string\"}],\"inLanguage\":\"es\"},{\"@type\":\"Organization\",\"@id\":\"https:\/\/www.365-rentals.com\/#organization\",\"name\":\"365 rentals\",\"url\":\"https:\/\/www.365-rentals.com\/\",\"logo\":{\"@type\":\"ImageObject\",\"inLanguage\":\"es\",\"@id\":\"https:\/\/www.365-rentals.com\/#\/schema\/logo\/image\/\",\"url\":\"https:\/\/www.365-rentals.com\/wp-content\/uploads\/logo-365-rentals.png\",\"contentUrl\":\"https:\/\/www.365-rentals.com\/wp-content\/uploads\/logo-365-rentals.png\",\"width\":380,\"height\":80,\"caption\":\"365 rentals\"},\"image\":{\"@id\":\"https:\/\/www.365-rentals.com\/#\/schema\/logo\/image\/\"},\"sameAs\":[\"https:\/\/www.facebook.com\/365rentals.properties\",\"https:\/\/www.instagram.com\/365rentals.spain\/?igshid=MzRlODBiNWFlZA\",\"https:\/\/www.youtube.com\/channel\/UCp4LWCAVPiKhmnTITv4xXDg\"]}]}<\/script>\n<!-- \/ Yoast SEO plugin. -->","yoast_head_json":{"title":"Inversi\u00f3n &#8902; 365 Rentals Properties","robots":{"index":"index","follow":"follow","max-snippet":"max-snippet:-1","max-image-preview":"max-image-preview:large","max-video-preview":"max-video-preview:-1"},"canonical":"https:\/\/www.365-rentals.com\/es\/inversion\/","og_locale":"es_ES","og_type":"article","og_title":"Inversi\u00f3n &#8902; 365 Rentals Properties","og_description":"KOSTA95 Real Estate KOSTA95 Real Estate es una empresa asociada de manera exclusiva a 365 Rentals, colaborando estrechamente para ofrecer el mejor servicio en el sector inmobiliario. Este equipo profesional, compuesto por individuos j\u00f3venes y din\u00e1micos, comparte un objetivo com\u00fan: satisfacer las demandas y necesidades de sus clientes. Si est\u00e1s en busca de un agente [&hellip;]","og_url":"https:\/\/www.365-rentals.com\/es\/inversion\/","og_site_name":"365 Rentals Properties","article_publisher":"https:\/\/www.facebook.com\/365rentals.properties","article_modified_time":"2023-10-25T02:20:40+00:00","og_image":[{"width":1280,"height":720,"url":"https:\/\/www.365-rentals.com\/wp-content\/uploads\/INSIDE.jpg","type":"image\/jpeg"}],"twitter_card":"summary_large_image","twitter_misc":{"Tiempo de lectura":"1 minuto"},"schema":{"@context":"https:\/\/schema.org","@graph":[{"@type":"WebPage","@id":"https:\/\/www.365-rentals.com\/inversion\/","url":"https:\/\/www.365-rentals.com\/inversion\/","name":"Inversi\u00f3n &#8902; 365 Rentals Properties","isPartOf":{"@id":"https:\/\/www.365-rentals.com\/#website"},"datePublished":"2023-10-24T03:14:29+00:00","dateModified":"2023-10-25T02:20:40+00:00","breadcrumb":{"@id":"https:\/\/www.365-rentals.com\/inversion\/#breadcrumb"},"inLanguage":"es","potentialAction":[{"@type":"ReadAction","target":["https:\/\/www.365-rentals.com\/inversion\/"]}]},{"@type":"BreadcrumbList","@id":"https:\/\/www.365-rentals.com\/inversion\/#breadcrumb","itemListElement":[{"@type":"ListItem","position":1,"name":"Portada","item":"https:\/\/www.365-rentals.com\/es\/"},{"@type":"ListItem","position":2,"name":"Inversi\u00f3n"}]},{"@type":"WebSite","@id":"https:\/\/www.365-rentals.com\/#website","url":"https:\/\/www.365-rentals.com\/","name":"365 Rentals Properties","description":"Experiencias \u00fanicas en el mejor clima de Europa","publisher":{"@id":"https:\/\/www.365-rentals.com\/#organization"},"alternateName":"365 Rentals Properties","potentialAction":[{"@type":"SearchAction","target":{"@type":"EntryPoint","urlTemplate":"https:\/\/www.365-rentals.com\/?s={search_term_string}"},"query-input":"required name=search_term_string"}],"inLanguage":"es"},{"@type":"Organization","@id":"https:\/\/www.365-rentals.com\/#organization","name":"365 rentals","url":"https:\/\/www.365-rentals.com\/","logo":{"@type":"ImageObject","inLanguage":"es","@id":"https:\/\/www.365-rentals.com\/#\/schema\/logo\/image\/","url":"https:\/\/www.365-rentals.com\/wp-content\/uploads\/logo-365-rentals.png","contentUrl":"https:\/\/www.365-rentals.com\/wp-content\/uploads\/logo-365-rentals.png","width":380,"height":80,"caption":"365 rentals"},"image":{"@id":"https:\/\/www.365-rentals.com\/#\/schema\/logo\/image\/"},"sameAs":["https:\/\/www.facebook.com\/365rentals.properties","https:\/\/www.instagram.com\/365rentals.spain\/?igshid=MzRlODBiNWFlZA","https:\/\/www.youtube.com\/channel\/UCp4LWCAVPiKhmnTITv4xXDg"]}]}},"jetpack_sharing_enabled":true,"_links":{"self":[{"href":"https:\/\/www.365-rentals.com\/es\/wp-json\/wp\/v2\/pages\/1938"}],"collection":[{"href":"https:\/\/www.365-rentals.com\/es\/wp-json\/wp\/v2\/pages"}],"about":[{"href":"https:\/\/www.365-rentals.com\/es\/wp-json\/wp\/v2\/types\/page"}],"author":[{"embeddable":true,"href":"https:\/\/www.365-rentals.com\/es\/wp-json\/wp\/v2\/users\/2"}],"replies":[{"embeddable":true,"href":"https:\/\/www.365-rentals.com\/es\/wp-json\/wp\/v2\/comments?post=1938"}],"version-history":[{"count":0,"href":"https:\/\/www.365-rentals.com\/es\/wp-json\/wp\/v2\/pages\/1938\/revisions"}],"wp:featuredmedia":[{"embeddable":true,"href":"https:\/\/www.365-rentals.com\/es\/wp-json\/wp\/v2\/media\/2320"}],"wp:attachment":[{"href":"https:\/\/www.365-rentals.com\/es\/wp-json\/wp\/v2\/media?parent=1938"}],"curies":[{"name":"wp","href":"https:\/\/api.w.org\/{rel}","templated":true}]}}